{"id":7554,"date":"2020-05-14T06:09:47","date_gmt":"2020-05-14T06:09:47","guid":{"rendered":"http:\/\/tiemposl.com\/?page_id=7554"},"modified":"2020-08-04T11:14:27","modified_gmt":"2020-08-04T11:14:27","slug":"derecho-mercantil-y-contabilidad","status":"publish","type":"page","link":"https:\/\/tiemposl.com\/en\/servicios\/derecho-mercantil-y-contabilidad\/","title":{"rendered":"Commercial law and accounting"},"content":{"rendered":"<p>[vc_row css=&#8221;.vc_custom_1589435991082{padding-top: 50px !important;padding-bottom: 50px !important;}&#8221;][vc_column][vc_row_inner][vc_column_inner width=&#8221;5\/6&#8243;][vc_column_text]From our company we offer you individual advice adapted to your needs, ranging from advice on the corporate form that best suits you to the completion of all necessary procedures for its establishment and accounting management.[\/vc_column_text][\/vc_column_inner][vc_column_inner width=&#8221;1\/6&#8243;][\/vc_column_inner][\/vc_row_inner][\/vc_column][\/vc_row][vc_row css=&#8221;.vc_custom_1589435979872{padding-top: 50px !important;padding-bottom: 50px !important;}&#8221;][vc_column][vc_row_inner][vc_column_inner width=&#8221;1\/6&#8243;][\/vc_column_inner][vc_column_inner width=&#8221;2\/3&#8243;][vc_column_text]<\/p>\n<h3 style=\"text-align: center;\">We provide the following services to our clients, among others<\/h3>\n<p>[\/vc_column_text][\/vc_column_inner][vc_column_inner width=&#8221;1\/6&#8243;][\/vc_column_inner][\/vc_row_inner][vc_row_inner css=&#8221;.vc_custom_1589436076519{padding-top: 100px !important;}&#8221;][vc_column_inner width=&#8221;1\/2&#8243;][vc_column_text]<\/p>\n<ul>\n<li>Advice for businesses and freelancers<\/li>\n<li>Accounting management<\/li>\n<li>Establishment and termination of companies<\/li>\n<li>Purchase and sale of shares<\/li>\n<\/ul>\n<p>[\/vc_column_text][\/vc_column_inner][vc_column_inner width=&#8221;1\/2&#8243;][vc_column_text]<\/p>\n<ul>\n<li>Amendments to the articles of association: capital increases, etc<\/li>\n<li>Corporate transactions<\/li>\n<li>Advice regarding the liability of managers and partners<\/li>\n<\/ul>\n<p>[\/vc_column_text][\/vc_column_inner][\/vc_row_inner][\/vc_column][\/vc_row]<\/p>","protected":false},"excerpt":{"rendered":"<p>[vc_row css=&#8221;.vc_custom_1589435991082{padding-top: 50px !important;padding-bottom: 50px !important;}&#8221;][vc_column][vc_row_inner][vc_column_inner width=&#8221;5\/6&#8243;][vc_column_text]From our company we offer you individual advice adapted [&hellip;]<\/p>\n","protected":false},"author":1,"featured_media":7628,"parent":5718,"menu_order":0,"comment_status":"closed","ping_status":"closed","template":"","meta":[],"yoast_head":"<!-- This site is optimized with the Yoast SEO plugin v19.7.1 - https:\/\/yoast.com\/wordpress\/plugins\/seo\/ -->\n<title>Commercial law and accounting &mdash; Tiempo Servicio y Gesti\u00f3n<\/title>\n<meta name=\"description\" content=\"Asesoramiento adaptado a sus necesidades, asesoramiento sobre la forma societaria, realizaci\u00f3n de tr\u00e1mites para su constituci\u00f3n y gesti\u00f3n contable.\" \/>\n<meta name=\"robots\" content=\"index, follow, max-snippet:-1, max-image-preview:large, max-video-preview:-1\" \/>\n<link rel=\"canonical\" href=\"https:\/\/tiemposl.com\/es\/servicios\/derecho-mercantil-y-contabilidad\/\" \/>\n<meta property=\"og:locale\" content=\"en_US\" \/>\n<meta property=\"og:type\" content=\"article\" \/>\n<meta property=\"og:title\" content=\"Commercial law and accounting &mdash; Tiempo Servicio y Gesti\u00f3n\" \/>\n<meta property=\"og:description\" content=\"Asesoramiento adaptado a sus necesidades, asesoramiento sobre la forma societaria, realizaci\u00f3n de tr\u00e1mites para su constituci\u00f3n y gesti\u00f3n contable.\" \/>\n<meta property=\"og:url\" content=\"https:\/\/tiemposl.com\/es\/servicios\/derecho-mercantil-y-contabilidad\/\" \/>\n<meta property=\"og:site_name\" content=\"Tiempo Servicio y Gesti\u00f3n\" \/>\n<meta property=\"article:modified_time\" content=\"2020-08-04T11:14:27+00:00\" \/>\n<meta property=\"og:image\" content=\"https:\/\/tiemposl.com\/wp-content\/uploads\/2020\/05\/asesoria-derecho-mercantil.jpg\" \/>\n\t<meta property=\"og:image:width\" content=\"1920\" \/>\n\t<meta property=\"og:image:height\" content=\"500\" \/>\n\t<meta property=\"og:image:type\" content=\"image\/jpeg\" \/>\n<meta name=\"twitter:card\" content=\"summary_large_image\" \/>\n<meta name=\"twitter:label1\" content=\"Est. reading time\" \/>\n\t<meta name=\"twitter:data1\" content=\"4 minutes\" \/>\n<script type=\"application\/ld+json\" class=\"yoast-schema-graph\">{\"@context\":\"https:\/\/schema.org\",\"@graph\":[{\"@type\":\"WebPage\",\"@id\":\"https:\/\/tiemposl.com\/es\/servicios\/derecho-mercantil-y-contabilidad\/\",\"url\":\"https:\/\/tiemposl.com\/es\/servicios\/derecho-mercantil-y-contabilidad\/\",\"name\":\"Commercial law and accounting &mdash; Tiempo Servicio y Gesti\u00f3n\",\"isPartOf\":{\"@id\":\"https:\/\/tiemposl.com\/es\/#website\"},\"datePublished\":\"2020-05-14T06:09:47+00:00\",\"dateModified\":\"2020-08-04T11:14:27+00:00\",\"description\":\"Asesoramiento adaptado a sus necesidades, asesoramiento sobre la forma societaria, realizaci\u00f3n de tr\u00e1mites para su constituci\u00f3n y gesti\u00f3n contable.\",\"breadcrumb\":{\"@id\":\"https:\/\/tiemposl.com\/es\/servicios\/derecho-mercantil-y-contabilidad\/#breadcrumb\"},\"inLanguage\":\"en-US\",\"potentialAction\":[{\"@type\":\"ReadAction\",\"target\":[\"https:\/\/tiemposl.com\/es\/servicios\/derecho-mercantil-y-contabilidad\/\"]}]},{\"@type\":\"BreadcrumbList\",\"@id\":\"https:\/\/tiemposl.com\/es\/servicios\/derecho-mercantil-y-contabilidad\/#breadcrumb\",\"itemListElement\":[{\"@type\":\"ListItem\",\"position\":1,\"name\":\"Portada\",\"item\":\"https:\/\/tiemposl.com\/es\/\"},{\"@type\":\"ListItem\",\"position\":2,\"name\":\"Servicios\",\"item\":\"https:\/\/tiemposl.com\/es\/servicios\/\"},{\"@type\":\"ListItem\",\"position\":3,\"name\":\"Derecho mercantil y contabilidad\"}]},{\"@type\":\"WebSite\",\"@id\":\"https:\/\/tiemposl.com\/es\/#website\",\"url\":\"https:\/\/tiemposl.com\/es\/\",\"name\":\"Tiempo Servicio y Gesti\u00f3n\",\"description\":\"\",\"publisher\":{\"@id\":\"https:\/\/tiemposl.com\/es\/#organization\"},\"potentialAction\":[{\"@type\":\"SearchAction\",\"target\":{\"@type\":\"EntryPoint\",\"urlTemplate\":\"https:\/\/tiemposl.com\/es\/?s={search_term_string}\"},\"query-input\":\"required name=search_term_string\"}],\"inLanguage\":\"en-US\"},{\"@type\":\"Organization\",\"@id\":\"https:\/\/tiemposl.com\/es\/#organization\",\"name\":\"Tiempo SL\",\"url\":\"https:\/\/tiemposl.com\/es\/\",\"sameAs\":[],\"logo\":{\"@type\":\"ImageObject\",\"inLanguage\":\"en-US\",\"@id\":\"https:\/\/tiemposl.com\/es\/#\/schema\/logo\/image\/\",\"url\":\"https:\/\/tiemposl.com\/wp-content\/uploads\/2020\/03\/logo-main.png\",\"contentUrl\":\"https:\/\/tiemposl.com\/wp-content\/uploads\/2020\/03\/logo-main.png\",\"width\":237,\"height\":70,\"caption\":\"Tiempo SL\"},\"image\":{\"@id\":\"https:\/\/tiemposl.com\/es\/#\/schema\/logo\/image\/\"}}]}<\/script>\n<!-- \/ Yoast SEO plugin. -->","yoast_head_json":{"title":"Commercial law and accounting &mdash; Tiempo Servicio y Gesti\u00f3n","description":"Asesoramiento adaptado a sus necesidades, asesoramiento sobre la forma societaria, realizaci\u00f3n de tr\u00e1mites para su constituci\u00f3n y gesti\u00f3n contable.","robots":{"index":"index","follow":"follow","max-snippet":"max-snippet:-1","max-image-preview":"max-image-preview:large","max-video-preview":"max-video-preview:-1"},"canonical":"https:\/\/tiemposl.com\/es\/servicios\/derecho-mercantil-y-contabilidad\/","og_locale":"en_US","og_type":"article","og_title":"Commercial law and accounting &mdash; Tiempo Servicio y Gesti\u00f3n","og_description":"Asesoramiento adaptado a sus necesidades, asesoramiento sobre la forma societaria, realizaci\u00f3n de tr\u00e1mites para su constituci\u00f3n y gesti\u00f3n contable.","og_url":"https:\/\/tiemposl.com\/es\/servicios\/derecho-mercantil-y-contabilidad\/","og_site_name":"Tiempo Servicio y Gesti\u00f3n","article_modified_time":"2020-08-04T11:14:27+00:00","og_image":[{"width":1920,"height":500,"url":"https:\/\/tiemposl.com\/wp-content\/uploads\/2020\/05\/asesoria-derecho-mercantil.jpg","type":"image\/jpeg"}],"twitter_card":"summary_large_image","twitter_misc":{"Est. reading time":"4 minutes"},"schema":{"@context":"https:\/\/schema.org","@graph":[{"@type":"WebPage","@id":"https:\/\/tiemposl.com\/es\/servicios\/derecho-mercantil-y-contabilidad\/","url":"https:\/\/tiemposl.com\/es\/servicios\/derecho-mercantil-y-contabilidad\/","name":"Commercial law and accounting &mdash; Tiempo Servicio y Gesti\u00f3n","isPartOf":{"@id":"https:\/\/tiemposl.com\/es\/#website"},"datePublished":"2020-05-14T06:09:47+00:00","dateModified":"2020-08-04T11:14:27+00:00","description":"Asesoramiento adaptado a sus necesidades, asesoramiento sobre la forma societaria, realizaci\u00f3n de tr\u00e1mites para su constituci\u00f3n y gesti\u00f3n contable.","breadcrumb":{"@id":"https:\/\/tiemposl.com\/es\/servicios\/derecho-mercantil-y-contabilidad\/#breadcrumb"},"inLanguage":"en-US","potentialAction":[{"@type":"ReadAction","target":["https:\/\/tiemposl.com\/es\/servicios\/derecho-mercantil-y-contabilidad\/"]}]},{"@type":"BreadcrumbList","@id":"https:\/\/tiemposl.com\/es\/servicios\/derecho-mercantil-y-contabilidad\/#breadcrumb","itemListElement":[{"@type":"ListItem","position":1,"name":"Portada","item":"https:\/\/tiemposl.com\/es\/"},{"@type":"ListItem","position":2,"name":"Servicios","item":"https:\/\/tiemposl.com\/es\/servicios\/"},{"@type":"ListItem","position":3,"name":"Derecho mercantil y contabilidad"}]},{"@type":"WebSite","@id":"https:\/\/tiemposl.com\/es\/#website","url":"https:\/\/tiemposl.com\/es\/","name":"Tiempo Servicio y Gesti\u00f3n","description":"","publisher":{"@id":"https:\/\/tiemposl.com\/es\/#organization"},"potentialAction":[{"@type":"SearchAction","target":{"@type":"EntryPoint","urlTemplate":"https:\/\/tiemposl.com\/es\/?s={search_term_string}"},"query-input":"required name=search_term_string"}],"inLanguage":"en-US"},{"@type":"Organization","@id":"https:\/\/tiemposl.com\/es\/#organization","name":"Tiempo SL","url":"https:\/\/tiemposl.com\/es\/","sameAs":[],"logo":{"@type":"ImageObject","inLanguage":"en-US","@id":"https:\/\/tiemposl.com\/es\/#\/schema\/logo\/image\/","url":"https:\/\/tiemposl.com\/wp-content\/uploads\/2020\/03\/logo-main.png","contentUrl":"https:\/\/tiemposl.com\/wp-content\/uploads\/2020\/03\/logo-main.png","width":237,"height":70,"caption":"Tiempo SL"},"image":{"@id":"https:\/\/tiemposl.com\/es\/#\/schema\/logo\/image\/"}}]}},"_links":{"self":[{"href":"https:\/\/tiemposl.com\/en\/wp-json\/wp\/v2\/pages\/7554"}],"collection":[{"href":"https:\/\/tiemposl.com\/en\/wp-json\/wp\/v2\/pages"}],"about":[{"href":"https:\/\/tiemposl.com\/en\/wp-json\/wp\/v2\/types\/page"}],"author":[{"embeddable":true,"href":"https:\/\/tiemposl.com\/en\/wp-json\/wp\/v2\/users\/1"}],"replies":[{"embeddable":true,"href":"https:\/\/tiemposl.com\/en\/wp-json\/wp\/v2\/comments?post=7554"}],"version-history":[{"count":6,"href":"https:\/\/tiemposl.com\/en\/wp-json\/wp\/v2\/pages\/7554\/revisions"}],"predecessor-version":[{"id":7738,"href":"https:\/\/tiemposl.com\/en\/wp-json\/wp\/v2\/pages\/7554\/revisions\/7738"}],"up":[{"embeddable":true,"href":"https:\/\/tiemposl.com\/en\/wp-json\/wp\/v2\/pages\/5718"}],"wp:featuredmedia":[{"embeddable":true,"href":"https:\/\/tiemposl.com\/en\/wp-json\/wp\/v2\/media\/7628"}],"wp:attachment":[{"href":"https:\/\/tiemposl.com\/en\/wp-json\/wp\/v2\/media?parent=7554"}],"curies":[{"name":"wp","href":"https:\/\/api.w.org\/{rel}","templated":true}]}}