{"id":7555,"date":"2020-05-14T06:12:03","date_gmt":"2020-05-14T06:12:03","guid":{"rendered":"http:\/\/tiemposl.com\/?page_id=7555"},"modified":"2020-08-04T11:17:18","modified_gmt":"2020-08-04T11:17:18","slug":"derecho-tributario","status":"publish","type":"page","link":"https:\/\/tiemposl.com\/en\/servicios\/derecho-tributario\/","title":{"rendered":"Fiscal and tax law"},"content":{"rendered":"<p>[vc_row css=&#8221;.vc_custom_1589435991082{padding-top: 50px !important;padding-bottom: 50px !important;}&#8221;][vc_column][vc_row_inner][vc_column_inner width=&#8221;1\/2&#8243;][vc_column_text]In our office we provide advice and help all parties, both individuals and companies, to comply with their tax obligations. Our company specialises in the special tax regime to which non-residents in Spain are subject.[\/vc_column_text][\/vc_column_inner][vc_column_inner width=&#8221;1\/2&#8243;][vc_column_text]Our firm is in charge of performing an analysis of your global situation, anticipating the tax impact that may affect you as a result of carrying out all types of operations[\/vc_column_text][\/vc_column_inner][\/vc_row_inner][\/vc_column][\/vc_row][vc_row css=&#8221;.vc_custom_1589435979872{padding-top: 50px !important;padding-bottom: 50px !important;}&#8221;][vc_column][vc_row_inner][vc_column_inner width=&#8221;1\/2&#8243;][vc_column_text]<\/p>\n<h3 style=\"text-align: left;\">Our firm offers the following services to our clients:<\/h3>\n<p>[\/vc_column_text][\/vc_column_inner][vc_column_inner width=&#8221;1\/2&#8243;][vc_column_text]<\/p>\n<ul>\n<li>Specialized in the taxation of non-residents in Spain<\/li>\n<li>Preparation and presentation of tax returns<\/li>\n<li>Assistance in dealing with the tax authorities in all types of proceedings.<\/li>\n<\/ul>\n<p>[\/vc_column_text][\/vc_column_inner][\/vc_row_inner][\/vc_column][\/vc_row]<\/p>","protected":false},"excerpt":{"rendered":"<p>[vc_row css=&#8221;.vc_custom_1589435991082{padding-top: 50px !important;padding-bottom: 50px !important;}&#8221;][vc_column][vc_row_inner][vc_column_inner width=&#8221;1\/2&#8243;][vc_column_text]In our office we provide advice and help all [&hellip;]<\/p>\n","protected":false},"author":1,"featured_media":7631,"parent":5718,"menu_order":0,"comment_status":"closed","ping_status":"closed","template":"","meta":[],"yoast_head":"<!-- This site is optimized with the Yoast SEO plugin v19.7.1 - https:\/\/yoast.com\/wordpress\/plugins\/seo\/ -->\n<title>Fiscal and tax law &mdash; Tiempo Servicio y Gesti\u00f3n<\/title>\n<meta name=\"description\" content=\"Ofrecemos asesoramiento al cumplimiento de obligaciones fiscales, en r\u00e9gimen de tributaci\u00f3n especial de personas no residentes en Espa\u00f1a.\" \/>\n<meta name=\"robots\" content=\"index, follow, max-snippet:-1, max-image-preview:large, max-video-preview:-1\" \/>\n<link rel=\"canonical\" href=\"https:\/\/tiemposl.com\/es\/servicios\/derecho-tributario\/\" \/>\n<meta property=\"og:locale\" content=\"en_US\" \/>\n<meta property=\"og:type\" content=\"article\" \/>\n<meta property=\"og:title\" content=\"Fiscal and tax law &mdash; Tiempo Servicio y Gesti\u00f3n\" \/>\n<meta property=\"og:description\" content=\"Ofrecemos asesoramiento al cumplimiento de obligaciones fiscales, en r\u00e9gimen de tributaci\u00f3n especial de personas no residentes en Espa\u00f1a.\" \/>\n<meta property=\"og:url\" content=\"https:\/\/tiemposl.com\/es\/servicios\/derecho-tributario\/\" \/>\n<meta property=\"og:site_name\" content=\"Tiempo Servicio y Gesti\u00f3n\" \/>\n<meta property=\"article:modified_time\" content=\"2020-08-04T11:17:18+00:00\" \/>\n<meta property=\"og:image\" content=\"https:\/\/tiemposl.com\/wp-content\/uploads\/2020\/05\/asesoria-derecho-tributario.jpg\" \/>\n\t<meta property=\"og:image:width\" content=\"1920\" \/>\n\t<meta property=\"og:image:height\" content=\"500\" \/>\n\t<meta property=\"og:image:type\" content=\"image\/jpeg\" \/>\n<meta name=\"twitter:card\" content=\"summary_large_image\" \/>\n<meta name=\"twitter:label1\" content=\"Est. reading time\" \/>\n\t<meta name=\"twitter:data1\" content=\"4 minutes\" \/>\n<script type=\"application\/ld+json\" class=\"yoast-schema-graph\">{\"@context\":\"https:\/\/schema.org\",\"@graph\":[{\"@type\":\"WebPage\",\"@id\":\"https:\/\/tiemposl.com\/es\/servicios\/derecho-tributario\/\",\"url\":\"https:\/\/tiemposl.com\/es\/servicios\/derecho-tributario\/\",\"name\":\"Fiscal and tax law &mdash; Tiempo Servicio y Gesti\u00f3n\",\"isPartOf\":{\"@id\":\"https:\/\/tiemposl.com\/es\/#website\"},\"datePublished\":\"2020-05-14T06:12:03+00:00\",\"dateModified\":\"2020-08-04T11:17:18+00:00\",\"description\":\"Ofrecemos asesoramiento al cumplimiento de obligaciones fiscales, en r\u00e9gimen de tributaci\u00f3n especial de personas no residentes en Espa\u00f1a.\",\"breadcrumb\":{\"@id\":\"https:\/\/tiemposl.com\/es\/servicios\/derecho-tributario\/#breadcrumb\"},\"inLanguage\":\"en-US\",\"potentialAction\":[{\"@type\":\"ReadAction\",\"target\":[\"https:\/\/tiemposl.com\/es\/servicios\/derecho-tributario\/\"]}]},{\"@type\":\"BreadcrumbList\",\"@id\":\"https:\/\/tiemposl.com\/es\/servicios\/derecho-tributario\/#breadcrumb\",\"itemListElement\":[{\"@type\":\"ListItem\",\"position\":1,\"name\":\"Portada\",\"item\":\"https:\/\/tiemposl.com\/es\/\"},{\"@type\":\"ListItem\",\"position\":2,\"name\":\"Servicios\",\"item\":\"https:\/\/tiemposl.com\/es\/servicios\/\"},{\"@type\":\"ListItem\",\"position\":3,\"name\":\"Derecho tributario\"}]},{\"@type\":\"WebSite\",\"@id\":\"https:\/\/tiemposl.com\/es\/#website\",\"url\":\"https:\/\/tiemposl.com\/es\/\",\"name\":\"Tiempo Servicio y Gesti\u00f3n\",\"description\":\"\",\"publisher\":{\"@id\":\"https:\/\/tiemposl.com\/es\/#organization\"},\"potentialAction\":[{\"@type\":\"SearchAction\",\"target\":{\"@type\":\"EntryPoint\",\"urlTemplate\":\"https:\/\/tiemposl.com\/es\/?s={search_term_string}\"},\"query-input\":\"required name=search_term_string\"}],\"inLanguage\":\"en-US\"},{\"@type\":\"Organization\",\"@id\":\"https:\/\/tiemposl.com\/es\/#organization\",\"name\":\"Tiempo SL\",\"url\":\"https:\/\/tiemposl.com\/es\/\",\"sameAs\":[],\"logo\":{\"@type\":\"ImageObject\",\"inLanguage\":\"en-US\",\"@id\":\"https:\/\/tiemposl.com\/es\/#\/schema\/logo\/image\/\",\"url\":\"https:\/\/tiemposl.com\/wp-content\/uploads\/2020\/03\/logo-main.png\",\"contentUrl\":\"https:\/\/tiemposl.com\/wp-content\/uploads\/2020\/03\/logo-main.png\",\"width\":237,\"height\":70,\"caption\":\"Tiempo SL\"},\"image\":{\"@id\":\"https:\/\/tiemposl.com\/es\/#\/schema\/logo\/image\/\"}}]}<\/script>\n<!-- \/ Yoast SEO plugin. -->","yoast_head_json":{"title":"Fiscal and tax law &mdash; Tiempo Servicio y Gesti\u00f3n","description":"Ofrecemos asesoramiento al cumplimiento de obligaciones fiscales, en r\u00e9gimen de tributaci\u00f3n especial de personas no residentes en Espa\u00f1a.","robots":{"index":"index","follow":"follow","max-snippet":"max-snippet:-1","max-image-preview":"max-image-preview:large","max-video-preview":"max-video-preview:-1"},"canonical":"https:\/\/tiemposl.com\/es\/servicios\/derecho-tributario\/","og_locale":"en_US","og_type":"article","og_title":"Fiscal and tax law &mdash; Tiempo Servicio y Gesti\u00f3n","og_description":"Ofrecemos asesoramiento al cumplimiento de obligaciones fiscales, en r\u00e9gimen de tributaci\u00f3n especial de personas no residentes en Espa\u00f1a.","og_url":"https:\/\/tiemposl.com\/es\/servicios\/derecho-tributario\/","og_site_name":"Tiempo Servicio y Gesti\u00f3n","article_modified_time":"2020-08-04T11:17:18+00:00","og_image":[{"width":1920,"height":500,"url":"https:\/\/tiemposl.com\/wp-content\/uploads\/2020\/05\/asesoria-derecho-tributario.jpg","type":"image\/jpeg"}],"twitter_card":"summary_large_image","twitter_misc":{"Est. reading time":"4 minutes"},"schema":{"@context":"https:\/\/schema.org","@graph":[{"@type":"WebPage","@id":"https:\/\/tiemposl.com\/es\/servicios\/derecho-tributario\/","url":"https:\/\/tiemposl.com\/es\/servicios\/derecho-tributario\/","name":"Fiscal and tax law &mdash; Tiempo Servicio y Gesti\u00f3n","isPartOf":{"@id":"https:\/\/tiemposl.com\/es\/#website"},"datePublished":"2020-05-14T06:12:03+00:00","dateModified":"2020-08-04T11:17:18+00:00","description":"Ofrecemos asesoramiento al cumplimiento de obligaciones fiscales, en r\u00e9gimen de tributaci\u00f3n especial de personas no residentes en Espa\u00f1a.","breadcrumb":{"@id":"https:\/\/tiemposl.com\/es\/servicios\/derecho-tributario\/#breadcrumb"},"inLanguage":"en-US","potentialAction":[{"@type":"ReadAction","target":["https:\/\/tiemposl.com\/es\/servicios\/derecho-tributario\/"]}]},{"@type":"BreadcrumbList","@id":"https:\/\/tiemposl.com\/es\/servicios\/derecho-tributario\/#breadcrumb","itemListElement":[{"@type":"ListItem","position":1,"name":"Portada","item":"https:\/\/tiemposl.com\/es\/"},{"@type":"ListItem","position":2,"name":"Servicios","item":"https:\/\/tiemposl.com\/es\/servicios\/"},{"@type":"ListItem","position":3,"name":"Derecho tributario"}]},{"@type":"WebSite","@id":"https:\/\/tiemposl.com\/es\/#website","url":"https:\/\/tiemposl.com\/es\/","name":"Tiempo Servicio y Gesti\u00f3n","description":"","publisher":{"@id":"https:\/\/tiemposl.com\/es\/#organization"},"potentialAction":[{"@type":"SearchAction","target":{"@type":"EntryPoint","urlTemplate":"https:\/\/tiemposl.com\/es\/?s={search_term_string}"},"query-input":"required name=search_term_string"}],"inLanguage":"en-US"},{"@type":"Organization","@id":"https:\/\/tiemposl.com\/es\/#organization","name":"Tiempo SL","url":"https:\/\/tiemposl.com\/es\/","sameAs":[],"logo":{"@type":"ImageObject","inLanguage":"en-US","@id":"https:\/\/tiemposl.com\/es\/#\/schema\/logo\/image\/","url":"https:\/\/tiemposl.com\/wp-content\/uploads\/2020\/03\/logo-main.png","contentUrl":"https:\/\/tiemposl.com\/wp-content\/uploads\/2020\/03\/logo-main.png","width":237,"height":70,"caption":"Tiempo SL"},"image":{"@id":"https:\/\/tiemposl.com\/es\/#\/schema\/logo\/image\/"}}]}},"_links":{"self":[{"href":"https:\/\/tiemposl.com\/en\/wp-json\/wp\/v2\/pages\/7555"}],"collection":[{"href":"https:\/\/tiemposl.com\/en\/wp-json\/wp\/v2\/pages"}],"about":[{"href":"https:\/\/tiemposl.com\/en\/wp-json\/wp\/v2\/types\/page"}],"author":[{"embeddable":true,"href":"https:\/\/tiemposl.com\/en\/wp-json\/wp\/v2\/users\/1"}],"replies":[{"embeddable":true,"href":"https:\/\/tiemposl.com\/en\/wp-json\/wp\/v2\/comments?post=7555"}],"version-history":[{"count":6,"href":"https:\/\/tiemposl.com\/en\/wp-json\/wp\/v2\/pages\/7555\/revisions"}],"predecessor-version":[{"id":7741,"href":"https:\/\/tiemposl.com\/en\/wp-json\/wp\/v2\/pages\/7555\/revisions\/7741"}],"up":[{"embeddable":true,"href":"https:\/\/tiemposl.com\/en\/wp-json\/wp\/v2\/pages\/5718"}],"wp:featuredmedia":[{"embeddable":true,"href":"https:\/\/tiemposl.com\/en\/wp-json\/wp\/v2\/media\/7631"}],"wp:attachment":[{"href":"https:\/\/tiemposl.com\/en\/wp-json\/wp\/v2\/media?parent=7555"}],"curies":[{"name":"wp","href":"https:\/\/api.w.org\/{rel}","templated":true}]}}