{"id":7462,"date":"2020-03-20T12:27:07","date_gmt":"2020-03-20T12:27:07","guid":{"rendered":"http:\/\/tiemposl.com\/?page_id=7462"},"modified":"2020-09-07T14:37:30","modified_gmt":"2020-09-07T14:37:30","slug":"aviso-legal","status":"publish","type":"page","link":"https:\/\/tiemposl.com\/es\/aviso-legal\/","title":{"rendered":"Aviso legal"},"content":{"rendered":"<p>Esta pol\u00edtica ha sido actualizada el 4 de septiembre de 2020<br \/>A continuaci\u00f3n le mostramos toda informaci\u00f3n relativa a esta web, su titular y los derechos y obligaciones que hemos establecido para formalizar nuestro acuerdo en calidad de titulares \/prestadores y en su lugar como usuario.<br \/>Es importante que lea detenidamente todo lo que sigue a fin de que podamos relacionarnos con plenas garant\u00edas y respeto mutuo.<\/p>\r\n<p><br \/><strong>Responsable Legal de esta web<\/strong><br \/>De acuerdo con lo dispuesto en el art\u00edculo 10 de la Ley 34\/2002, de Servicios de la Sociedad de la Informaci\u00f3n y de Comercio Electr\u00f3nico, se informa a todos nuestros clientes, usuarios y visitantes sobre la informaci\u00f3n legal relativa a la empresa propietaria del sitio web ubicado en la direcci\u00f3n de Internet tiemposl.com: <br \/>\u2022 Su denominaci\u00f3n comercial es TIEMPO SERVICIO Y GESTI\u00d3N<br \/>\u2022 Su denominaci\u00f3n social es TIEMPO SERVICIO Y GESTION S.L.<br \/>\u2022 Su CIF\/ NIF B07141625<br \/>\u2022 Su domicilio social est\u00e1 en C\/ San Jaime 82 2\u00bab, 07840 Santa Eulalia del R\u00edo, Islas Baleares (Espa\u00f1a)<br \/>\u2022 Registro mercantil: Inscrita en el registro mercantil de Ibiza, folio 34 del tomo 45 hoja IB-2196.<br \/>\u2022 Su actividad social es: Asesoramiento<\/p>\r\n<p><strong>Objeto<\/strong><br \/>Las presentes Condiciones Generales regulan el uso (incluyendo el mero acceso) de las p\u00e1ginas web integrantes del sitio web de tiemposl.com incluidos los contenidos y servicios puestos a disposici\u00f3n en ellas.<\/p>\r\n<p><br \/>Toda persona que acceda a la web tiemposl.com (en adelante el \u201cUsuario\u201d) acepta someterse a las Condiciones de uso vigentes en cada momento en que acceda a la misma.<br \/>Tiempo Servicio y Gesti\u00f3n S.L. se reserva el derecho de modificar, en cualquier momento y sin necesidad de previo aviso, la presentaci\u00f3n y configuraci\u00f3n de la web tiemposl.com as\u00ed como las presentes Condiciones generales de uso.<\/p>\r\n<p><strong>Uso de la web tiemposl.com<\/strong><br \/>Los servicios prestados por Tiempo Servicio y Gesti\u00f3n S.L. son el asesoramiento especializado en no residentes en Espa\u00f1a en materia inmobiliaria, mercantil, fiscal y contable.<br \/>El contenido desarrollado en el blog es pertenecen plena y exclusivamente a Tiempo Servicio y Gesti\u00f3n S.L., as\u00ed como todos los derechos sobre\u00a0ellos. El contenido de la Web es de car\u00e1cter general y meramente informativo, en ning\u00fan caso nos hacemos responsables de las consecuencias por el uso que se d\u00e9 por su parte de la informaci\u00f3n proporcionada en el mismo. <br \/>Recomendamos encarecidamente que para cualquier asunto que desee tratar busque un asesoramiento individual y especializado. Para ello puede contactar con nosotros a trav\u00e9s del formulario de contacto que encontrar\u00e1 en la web o a trav\u00e9s de cualquier otro medio especificado en la secci\u00f3n contacto.<\/p>\r\n<p><br \/>El usuario acepta que:<br \/>\u2022 Solamente podr\u00e1 hacer uso del sitio web para realizar consultas o solicitudes legalmente v\u00e1lidas.<br \/>\u2022 No podr\u00e1 realizar ninguna solicitud falsa o fraudulenta. Si tenemos \u00a0motivos razonables para considerar que se ha hecho una solicitud de esta \u00edndole estaremos autorizados a anularla e informar a las autoridades pertinentes.<br \/>\u2022 Se le obliga a facilitar de manera cierta y correcta su direcci\u00f3n de correo electr\u00f3nico, u otros datos de contacto y consiente que podremos hacer uso de esta informaci\u00f3n para ponernos en contacto con el usuario\u00a0si fuera necesario (ver\u00a0nuestra\u00a0\u00a0Declaraci\u00f3n de Privacidad).<br \/>\u2022 Si \u00a0el usuario no facilita\u00a0toda la informaci\u00f3n que necesitamos, no podremos cursar su solicitud de contacto.<\/p>\r\n<p><br \/>Al contactar a trav\u00e9s de este sitio web, el usuario garantiza\u00a0que es mayor de 18 a\u00f1os y que tienes capacidad legal para celebrar contratos vinculantes.<br \/>En la utilizaci\u00f3n del portal tiemposl.com el Usuario se compromete a no llevar a cabo ninguna conducta que pudiera da\u00f1ar la imagen, los intereses y los derechos de tiemposl.com o de terceros o que pudiera da\u00f1ar, inutilizar o sobrecargar la pagina web tiemposl.com o que impidiera, de cualquier forma, la normal utilizaci\u00f3n de esta p\u00e1gina web.<br \/><strong>Navegaci\u00f3n e IP:<\/strong><br \/>Durante la navegaci\u00f3n por la web, as\u00ed como a la hora de utilizar el formulario de contacto, se registra la direcci\u00f3n IP del equipo. Este dato servir\u00e1 solamente para realizar estad\u00edsticas de visitas.<\/p>\r\n<p>Contenidos:<br \/>Respecto a los contenidos de esta web se proh\u00edbe:<br \/>\u2022 Su reproducci\u00f3n, distribuci\u00f3n o modificaci\u00f3n, total o parcial, cuando se identifique su autor\u00eda. <br \/>\u2022 Cualquier vulneraci\u00f3n de los derechos del prestador o de los leg\u00edtimos titulares;<br \/>\u2022 Su utilizaci\u00f3n para fines comerciales o publicitarios.<\/p>\r\n<p>Los contenidos \u00a0publicados en el blog de esta web son de car\u00e1cter divulgativo.\u00a0En ning\u00fan caso \u00a0constituyen asesoramiento legal alguno. El contenido de la Web es de car\u00e1cter general y meramente informativo, por ello le recomendamos que para cualquier asunto que desee tratar solicite asesoramiento legal individual y especializado.<\/p>\r\n<p>Si deseas utilizar cualquiera de los\u00a0contenidos aqu\u00ed publicados, es preciso contar con la autorizaci\u00f3n expresa de Tiempo Servicio y Gesti\u00f3n S.L. o en su caso realizar la correspondiente identificaci\u00f3n de su autor\u00eda.<\/p>\r\n<p><br \/><strong>Uso y Acceso de Usuarios<\/strong><br \/>El Usuario queda informado, y acepta, que el acceso a la presente web no supone, en modo alguno, el inicio de una relaci\u00f3n comercial con Tiempo Servicio y Gesti\u00f3n S.L.<br \/>Queda prohibido el uso de la web con fines il\u00edcitos o lesivos, o que, de cualquier forma, puedan causar perjuicio o impedir el normal funcionamiento del sitio web.<\/p>\r\n<p><br \/><strong>Limitaci\u00f3n de responsabilidad.<\/strong><br \/>El Titular no se responsabiliza del uso que cada usuario le d\u00e9 a los materiales puestos a disposici\u00f3n en este sitio web ni de las actuaciones que realice en base a los mismos. El contenido de la Web es de car\u00e1cter general y meramente informativo.<\/p>\r\n<p>El Titular no asumir\u00e1 responsabilidad por el contenido o funcionamiento de webs de terceros a los que el usuario del sitio Web pueda acceder mediante cualquier tipo de enlace.<\/p>\r\n<p>El Titular declina cualquier responsabilidad, hasta donde permita el ordenamiento jur\u00eddico, por los da\u00f1os y perjuicios derivados de la presencia de virus, de las actuaciones de terceros que vulneren derechos de propiedad, al honor, a la intimidad o sobre publicidad il\u00edcita.<\/p>\r\n<p>Si alg\u00fan usuario o tercero considera que en la Web se est\u00e1 cometiendo alg\u00fan il\u00edcito de cualquier tipo, debe remitir una comunicaci\u00f3n al Titular a la direcci\u00f3n de email que aparece en nuestros datos identificativos. Deber\u00e1 identificarse debidamente, especificando los hechos que denuncia.<\/p>\r\n<p><strong>Derechos de Propiedad Intelectual e Industrial<\/strong><br \/>Mediante estas Condiciones Generales de uso no se cede ning\u00fan derecho de propiedad intelectual o industrial sobre el portal tiemposl.com ni sobre ninguno de sus elementos integrantes. <br \/>Los usuarios pueden acceder a los contenidos literarios del blog y compartir dicho contenido, siempre y cuando nos identifique como autores y no se realicen obras derivadas.<\/p>\r\n<p><strong>Pol\u00edtica de Protecci\u00f3n de Datos y Confidencialidad<\/strong><br \/>Tiempo Servicio y Gesti\u00f3n S.L.\u00a0\u00a0se compromete a la correcta utilizaci\u00f3n de los datos obtenidos en esta web, a respetar su confidencialidad y a utilizarlos de acuerdo con la finalidad del mismo, as\u00ed como a dar cumplimiento a su obligaci\u00f3n de guardarlos y adaptar todas las medidas para evitar la alteraci\u00f3n, p\u00e9rdida, tratamiento o acceso no autorizado, de conformidad con lo establecido \u00a0en Reglamento UE 2016\/679, del Parlamento Europeo y del Consejo de 27 de abril de 2016. (RGPD) y la Ley Org\u00e1nica 3\/2018, de 5 de diciembre, de Protecci\u00f3n de Datos Personales y garant\u00eda de los derechos digitales,<\/p>\r\n<p>El Usuario garantiza que los datos personales facilitados a trav\u00e9s del formulario de contacto son veraces, quedando obligado a comunicar cualquier modificaci\u00f3n de los mismos. <br \/>De igual forma, el Usuario tiene acceso en todo momento a modificar, editar o eliminar la informaci\u00f3n proporcionada, as\u00ed como gestionar su baja directamente, o mediante solicitud dirigida al contacto mostrado en la secci\u00f3n Direcciones de Contacto o mediante escrito dirigido a Tiempo Servicio y<\/p>\r\n<p>Gesti\u00f3n S.L. junto con copia de su DNI o documento acreditativo equivalente.<br \/>Para ampliar la informaci\u00f3n sobre mi pol\u00edtica de protecci\u00f3n de datos y derechos, consulte nuestra pol\u00edtica de privacidad<\/p>\r\n<p><strong>Copyright<\/strong><br \/>El contenido de este portal tiene copyright de Tiempo Servicio y Gesti\u00f3n S.L. y todos los derechos reservados. Los usuarios pueden acceder a los contenidos literarios del blog y compartir dicho contenido, siempre y cuando nos identifique como autores y no se realicen obras derivadas. <br \/>Si por error se hubiese introducido alg\u00fan elemento en esta web que est\u00e9 sujeto a derechos de autor, por favor escriba a tiempo(arroba )tiemposl.com adjuntando prueba de derecho de autor y tras verificar los datos lo retiraremos de modo prioritario, o a su elecci\u00f3n, acreditaremos la obra.<\/p>\r\n<p><strong>Ley Aplicable y Jurisdicci\u00f3n<\/strong><br \/>Estas Condiciones Generales se rigen por la Ley espa\u00f1ola.<\/p>\r\n<p><strong>Direcciones de Contacto<\/strong><br \/>En caso de que cualquier Usuario tuviese alguna duda acerca de estas Condiciones Generales de uso o cualquier comentario sobre la web tiemposl.com, por favor dir\u00edjase al siguiente contacto: tiempo(arroba)tiemposl.com<br \/>\u00a0<\/p>","protected":false},"excerpt":{"rendered":"<p>Esta pol\u00edtica ha sido actualizada el 4 de septiembre de 2020A continuaci\u00f3n le mostramos toda [&hellip;]<\/p>\n","protected":false},"author":1,"featured_media":0,"parent":0,"menu_order":0,"comment_status":"closed","ping_status":"closed","template":"","meta":[],"yoast_head":"<!-- This site is optimized with the Yoast SEO plugin v19.7.1 - https:\/\/yoast.com\/wordpress\/plugins\/seo\/ -->\n<title>Aviso legal &mdash; Tiempo Servicio y Gesti\u00f3n<\/title>\n<meta name=\"robots\" content=\"noindex, nofollow\" \/>\n<meta property=\"og:locale\" content=\"es_ES\" \/>\n<meta property=\"og:type\" content=\"article\" \/>\n<meta property=\"og:title\" content=\"Aviso legal &mdash; Tiempo Servicio y Gesti\u00f3n\" \/>\n<meta property=\"og:description\" content=\"Esta pol\u00edtica ha sido actualizada el 4 de septiembre de 2020A continuaci\u00f3n le mostramos toda [&hellip;]\" \/>\n<meta property=\"og:url\" content=\"https:\/\/tiemposl.com\/es\/aviso-legal\/\" \/>\n<meta property=\"og:site_name\" content=\"Tiempo Servicio y Gesti\u00f3n\" \/>\n<meta property=\"article:modified_time\" content=\"2020-09-07T14:37:30+00:00\" \/>\n<meta name=\"twitter:card\" content=\"summary_large_image\" \/>\n<meta name=\"twitter:label1\" content=\"Tiempo de lectura\" \/>\n\t<meta name=\"twitter:data1\" content=\"30 minutos\" \/>\n<script type=\"application\/ld+json\" class=\"yoast-schema-graph\">{\"@context\":\"https:\/\/schema.org\",\"@graph\":[{\"@type\":\"WebPage\",\"@id\":\"https:\/\/tiemposl.com\/es\/aviso-legal\/\",\"url\":\"https:\/\/tiemposl.com\/es\/aviso-legal\/\",\"name\":\"Aviso legal &mdash; Tiempo Servicio y Gesti\u00f3n\",\"isPartOf\":{\"@id\":\"https:\/\/tiemposl.com\/es\/#website\"},\"datePublished\":\"2020-03-20T12:27:07+00:00\",\"dateModified\":\"2020-09-07T14:37:30+00:00\",\"breadcrumb\":{\"@id\":\"https:\/\/tiemposl.com\/es\/aviso-legal\/#breadcrumb\"},\"inLanguage\":\"es\",\"potentialAction\":[{\"@type\":\"ReadAction\",\"target\":[\"https:\/\/tiemposl.com\/es\/aviso-legal\/\"]}]},{\"@type\":\"BreadcrumbList\",\"@id\":\"https:\/\/tiemposl.com\/es\/aviso-legal\/#breadcrumb\",\"itemListElement\":[{\"@type\":\"ListItem\",\"position\":1,\"name\":\"Portada\",\"item\":\"https:\/\/tiemposl.com\/es\/\"},{\"@type\":\"ListItem\",\"position\":2,\"name\":\"Aviso legal\"}]},{\"@type\":\"WebSite\",\"@id\":\"https:\/\/tiemposl.com\/es\/#website\",\"url\":\"https:\/\/tiemposl.com\/es\/\",\"name\":\"Tiempo Servicio y Gesti\u00f3n\",\"description\":\"\",\"publisher\":{\"@id\":\"https:\/\/tiemposl.com\/es\/#organization\"},\"potentialAction\":[{\"@type\":\"SearchAction\",\"target\":{\"@type\":\"EntryPoint\",\"urlTemplate\":\"https:\/\/tiemposl.com\/es\/?s={search_term_string}\"},\"query-input\":\"required name=search_term_string\"}],\"inLanguage\":\"es\"},{\"@type\":\"Organization\",\"@id\":\"https:\/\/tiemposl.com\/es\/#organization\",\"name\":\"Tiempo SL\",\"url\":\"https:\/\/tiemposl.com\/es\/\",\"sameAs\":[],\"logo\":{\"@type\":\"ImageObject\",\"inLanguage\":\"es\",\"@id\":\"https:\/\/tiemposl.com\/es\/#\/schema\/logo\/image\/\",\"url\":\"https:\/\/tiemposl.com\/wp-content\/uploads\/2020\/03\/logo-main.png\",\"contentUrl\":\"https:\/\/tiemposl.com\/wp-content\/uploads\/2020\/03\/logo-main.png\",\"width\":237,\"height\":70,\"caption\":\"Tiempo SL\"},\"image\":{\"@id\":\"https:\/\/tiemposl.com\/es\/#\/schema\/logo\/image\/\"}}]}<\/script>\n<!-- \/ Yoast SEO plugin. -->","yoast_head_json":{"title":"Aviso legal &mdash; Tiempo Servicio y Gesti\u00f3n","robots":{"index":"noindex","follow":"nofollow"},"og_locale":"es_ES","og_type":"article","og_title":"Aviso legal &mdash; Tiempo Servicio y Gesti\u00f3n","og_description":"Esta pol\u00edtica ha sido actualizada el 4 de septiembre de 2020A continuaci\u00f3n le mostramos toda [&hellip;]","og_url":"https:\/\/tiemposl.com\/es\/aviso-legal\/","og_site_name":"Tiempo Servicio y Gesti\u00f3n","article_modified_time":"2020-09-07T14:37:30+00:00","twitter_card":"summary_large_image","twitter_misc":{"Tiempo de lectura":"30 minutos"},"schema":{"@context":"https:\/\/schema.org","@graph":[{"@type":"WebPage","@id":"https:\/\/tiemposl.com\/es\/aviso-legal\/","url":"https:\/\/tiemposl.com\/es\/aviso-legal\/","name":"Aviso legal &mdash; Tiempo Servicio y Gesti\u00f3n","isPartOf":{"@id":"https:\/\/tiemposl.com\/es\/#website"},"datePublished":"2020-03-20T12:27:07+00:00","dateModified":"2020-09-07T14:37:30+00:00","breadcrumb":{"@id":"https:\/\/tiemposl.com\/es\/aviso-legal\/#breadcrumb"},"inLanguage":"es","potentialAction":[{"@type":"ReadAction","target":["https:\/\/tiemposl.com\/es\/aviso-legal\/"]}]},{"@type":"BreadcrumbList","@id":"https:\/\/tiemposl.com\/es\/aviso-legal\/#breadcrumb","itemListElement":[{"@type":"ListItem","position":1,"name":"Portada","item":"https:\/\/tiemposl.com\/es\/"},{"@type":"ListItem","position":2,"name":"Aviso legal"}]},{"@type":"WebSite","@id":"https:\/\/tiemposl.com\/es\/#website","url":"https:\/\/tiemposl.com\/es\/","name":"Tiempo Servicio y Gesti\u00f3n","description":"","publisher":{"@id":"https:\/\/tiemposl.com\/es\/#organization"},"potentialAction":[{"@type":"SearchAction","target":{"@type":"EntryPoint","urlTemplate":"https:\/\/tiemposl.com\/es\/?s={search_term_string}"},"query-input":"required name=search_term_string"}],"inLanguage":"es"},{"@type":"Organization","@id":"https:\/\/tiemposl.com\/es\/#organization","name":"Tiempo SL","url":"https:\/\/tiemposl.com\/es\/","sameAs":[],"logo":{"@type":"ImageObject","inLanguage":"es","@id":"https:\/\/tiemposl.com\/es\/#\/schema\/logo\/image\/","url":"https:\/\/tiemposl.com\/wp-content\/uploads\/2020\/03\/logo-main.png","contentUrl":"https:\/\/tiemposl.com\/wp-content\/uploads\/2020\/03\/logo-main.png","width":237,"height":70,"caption":"Tiempo SL"},"image":{"@id":"https:\/\/tiemposl.com\/es\/#\/schema\/logo\/image\/"}}]}},"_links":{"self":[{"href":"https:\/\/tiemposl.com\/es\/wp-json\/wp\/v2\/pages\/7462"}],"collection":[{"href":"https:\/\/tiemposl.com\/es\/wp-json\/wp\/v2\/pages"}],"about":[{"href":"https:\/\/tiemposl.com\/es\/wp-json\/wp\/v2\/types\/page"}],"author":[{"embeddable":true,"href":"https:\/\/tiemposl.com\/es\/wp-json\/wp\/v2\/users\/1"}],"replies":[{"embeddable":true,"href":"https:\/\/tiemposl.com\/es\/wp-json\/wp\/v2\/comments?post=7462"}],"version-history":[{"count":6,"href":"https:\/\/tiemposl.com\/es\/wp-json\/wp\/v2\/pages\/7462\/revisions"}],"predecessor-version":[{"id":7776,"href":"https:\/\/tiemposl.com\/es\/wp-json\/wp\/v2\/pages\/7462\/revisions\/7776"}],"wp:attachment":[{"href":"https:\/\/tiemposl.com\/es\/wp-json\/wp\/v2\/media?parent=7462"}],"curies":[{"name":"wp","href":"https:\/\/api.w.org\/{rel}","templated":true}]}}