{"id":7461,"date":"2020-03-20T12:27:13","date_gmt":"2020-03-20T12:27:13","guid":{"rendered":"http:\/\/tiemposl.com\/?page_id=7461"},"modified":"2020-09-07T14:42:54","modified_gmt":"2020-09-07T14:42:54","slug":"politica-de-cookies","status":"publish","type":"page","link":"https:\/\/tiemposl.com\/fr\/politica-de-cookies\/","title":{"rendered":"Politique de cookies"},"content":{"rendered":"<p>Pol\u00edtica de Cookies de Tiempo Servicio y Gesti\u00f3n S.L.<\/p>\r\n<p><strong>\u00bfQui\u00e9n es el responsable de la web y de los datos que se recopilan?<\/strong><br \/>tiemposl.com (en adelante la Web) es propiedad y responsabilidad de TIEMPO SERVICIO Y GESTI\u00d3N S.L. (en adelante el Titular) con domicilio en C\/. San Jaime 82 2\u00bab, 07840 Santa Eulalia del R\u00edo, Illes Balears, Espa\u00f1a, con NIF B07141625,\u00a0 tel\u00e9fono 971332370 y correo electr\u00f3nico <a href=\"mailto:tiempo@tiemposl.com\">tiempo@tiemposl.com<\/a><\/p>\r\n<p><br \/><strong>Uso de \u201cCookies\u201d por parte de Tiempo Servicio y Gesti\u00f3n SL.<\/strong><br \/>Esta web utiliza cookies propias y de terceros, para fines anal\u00edticos y para mostrarle publicidad personalizada o a partir de sus h\u00e1bitos de navegaci\u00f3n.<\/p>\r\n<p><br \/>Como usuario, puede evitar la descarga de cookies bloque\u00e1ndolas mediante la configuraci\u00f3n apropiada de su navegador, de esta manera evitar\u00e1 que las cookies se almacenen en su disco duro.<br \/>Es importante que lea la presente pol\u00edtica de cookies y comprenda que, si contin\u00faa navegando, consideramos que acepta su uso.<br \/>Esta pol\u00edtica y la forma en que se gestio<\/p>\r\n<p>nan\u00a0 las cookies en esta web, cumple con obligaciones previstas en el apartado segundo del art\u00edculo 22 de la Ley 34\/2002, de 11 de julio, de servicios de la sociedad de la informaci\u00f3n y de comercio electr\u00f3nico (LSSI), \u00a0el Reglamento (UE) 2016\/679 del Parlamento Europeo y del Consejo, de 27 de abril de 2016, General de Protecci\u00f3n de Datos (RGPD) y la Ley Org\u00e1nica 3\/2018, de 5 de diciembre, de Protecci\u00f3n de Datos y garant\u00eda de los derechos digitales (LOPDGDD)<\/p>\r\n<p><br \/><strong>\u00a0\u00bfQu\u00e9 son las cookies?<\/strong><br \/>Las cookies son peque\u00f1os ficheros de texto que se descargan en su ordenador cuando accede a esta p\u00e1gina web y que hacen posible el almacenamiento y recuperaci\u00f3n de informaci\u00f3n sobre sus h\u00e1bitos de navegaci\u00f3n o de su equipo a fin de disfrutar de una mejor experiencia de navegaci\u00f3n. Esta web utiliza cookies propias y de terceros.<br \/>\u2013\u00a0Desactivaci\u00f3n\/activaci\u00f3n o eliminaci\u00f3n de cookies:<br \/>Tiempo Servicio y Gesti\u00f3n S.L. pone a disposici\u00f3n de los usuarios que quieran impedir la instalaci\u00f3n de las mencionadas cookies, enlaces a las instrucciones facilitadas al efecto por navegadores cuyo uso considera m\u00e1s extendido:<br \/><a href=\"https:\/\/support.google.com\/chrome\/answer\/95647?hl=es-419\">Google Chrome<\/a>\u00a0\u2013\u00a0<a href=\"https:\/\/support.microsoft.com\/es-es\/help\/17442\/windows-internet-explorer-delete-manage-cookies\">Internet Explorer<\/a>\u00a0\u2013\u00a0<a href=\"https:\/\/support.mozilla.org\/es\/kb\/habilitar-y-deshabilitar-cookies-sitios-web-rastrear-preferencias?redirectslug=habilitar-y-deshabilitar-cookies-que-los-sitios-we&amp;redirectlocale=es\">Mozilla Firefox<\/a>\u00a0\u2013\u00a0<a href=\"https:\/\/support.apple.com\/es-es\/HT201265\">Apple Safari<\/a><br \/>Puede consultar el reglamento sobre cookies publicado por la Agencia Espa\u00f1ola de Protecci\u00f3n de Datos en su\u00a0\u201c<a href=\"https:\/\/www.aepd.es\/sites\/default\/files\/2019-12\/guia-cookies_1.pdf\">Gu\u00eda sobre el uso de las cookies<\/a>\u201d\u00a0y\u00a0 obtener m\u00e1s informaci\u00f3n sobre las cookies en Internet,\u00a0<a href=\"http:\/\/www.aboutcookies.org\/\">http:\/\/www.aboutcookies.org\/<\/a><\/p>\r\n<p>Si desea tener un mayor control sobre la instalaci\u00f3n de cookies, puede instalar programas o complementos a su navegador, conocidos como herramientas de \u201cDo Not Track\u201d, que le permitir\u00e1n escoger aquellas cookies que desea permitir. Por favor, tenga en cuenta que el bloqueo de cookies puede afectar a toda o alguna funcionalidad de la web.<br \/><strong>\u00bfQu\u00e9 cookies utiliza esta web?<\/strong><br \/><strong>Cookies t\u00e9cnicas<\/strong>: son las que mejoran la navegaci\u00f3n y el buen funcionamiento de nuestra web. <br \/><strong>Cookies de personalizaci\u00f3n<\/strong>: son las que permiten acceder al servicio con unas caracter\u00edsticas predefinidas en funci\u00f3n de una serie de criterios. Sirven, por ejemplo, para elegir el idioma de la web.<br \/><strong>Cookies de terceros<\/strong>:<br \/>\u2022 De an\u00e1lisis: son aquellas que, tratadas por\u00a0 Tiempo Servicio y Gesti\u00f3n S.L. o por terceros, permitiendo cuantificar el n\u00famero de usuarios y el an\u00e1lisis estad\u00edstico de la utilizaci\u00f3n que hacen los usuarios de \u00e9sta web y de los servicios ofertados. Para ello se analiza su navegaci\u00f3n en nuestra p\u00e1gina web con el fin de mejorar la oferta de productos o servicios que ofrecemos.<br \/>Concretamente, se utilizan los servicios de Google Analytics para ayudar a analizar el uso que hacen los usuarios del sitio web y mejorar la usabilidad del mismo, pero en ning\u00fan caso se asocian a datos que pudieran llegar a identificar al usuario.<br \/>Google Analytics, es un servicio anal\u00edtico de web prestado por Google, Inc., una compa\u00f1\u00eda de Delaware cuya oficina principal est\u00e1 en 1600 Amphitheatre Parkway, Mountain View (California), CA 94043, Estados Unidos (\u201cGoogle\u201d). El usuario puede consultar\u00a0aqu\u00ed el tipo de cookies utilizadas por Google.<br \/>\u2022 Publicitarias: son aquellas que, tratadas por TIEMPO SERVICIO Y GESTION S.L. como responsable de esta web\u00a0o por terceros,\u00a0 permiten analizar sus h\u00e1bitos de navegaci\u00f3n en Internet para poder mostrarle publicidad relacionada con su perfil de navegaci\u00f3n.<br \/>Esta actividad se realiza rastreando los Datos de Uso y utilizando Cookies, informaci\u00f3n que es transferida a los partners que gestionan la actividad de remarketing.<br \/>Entre las cookies publicitarias utilizadas en esta web est\u00e1n:<br \/>Remarketing Google AdWords: Utilizamos remarketing de Google AdWords que utiliza las cookies para ayudarnos a ofrecer anuncios en l\u00ednea espec\u00edficos basados en visitas anteriores a mi sitio web. Google utiliza esta informaci\u00f3n para mostrar anuncios en varios sitios web de terceros a trav\u00e9s de Internet. Estas cookies no contienen informaci\u00f3n que pueda identificarle personalmente. Por favor dir\u00edjase <a href=\"https:\/\/support.google.com\/google-ads\/answer\/2549116?hl=es&amp;ref_topic=3123080\">a la publicidad de Google Aviso de privacidad para obtener m\u00e1s informaci\u00f3n.<\/a><\/p>\r\n<p><br \/><strong>\u00bfD\u00f3nde puedo reclamar si considero que no se respetan mis derechos como usuario?<\/strong><br \/>Puede dirigir sus reclamaciones en materia de protecci\u00f3n de datos a la autoridad que por su territorio corresponda que puede consultar aqu\u00ed , siendo la Agencia Espa\u00f1ola de Protecci\u00f3n de Datos la que tiene la competencia general en el Estado Espa\u00f1ol.<\/p>","protected":false},"excerpt":{"rendered":"<p>Pol\u00edtica de Cookies de Tiempo Servicio y Gesti\u00f3n S.L. \u00bfQui\u00e9n es el responsable de la [&hellip;]<\/p>\n","protected":false},"author":1,"featured_media":0,"parent":0,"menu_order":0,"comment_status":"closed","ping_status":"closed","template":"","meta":[],"yoast_head":"<!-- This site is optimized with the Yoast SEO plugin v19.7.1 - https:\/\/yoast.com\/wordpress\/plugins\/seo\/ -->\n<title>Politique de cookies &mdash; Tiempo Servicio y Gesti\u00f3n<\/title>\n<meta name=\"robots\" content=\"noindex, nofollow\" \/>\n<meta property=\"og:locale\" content=\"fr_FR\" \/>\n<meta property=\"og:type\" content=\"article\" \/>\n<meta property=\"og:title\" content=\"Politique de cookies &mdash; Tiempo Servicio y Gesti\u00f3n\" \/>\n<meta property=\"og:description\" content=\"Pol\u00edtica de Cookies de Tiempo Servicio y Gesti\u00f3n S.L. \u00bfQui\u00e9n es el responsable de la [&hellip;]\" \/>\n<meta property=\"og:url\" content=\"https:\/\/tiemposl.com\/es\/politica-de-cookies\/\" \/>\n<meta property=\"og:site_name\" content=\"Tiempo Servicio y Gesti\u00f3n\" \/>\n<meta property=\"article:modified_time\" content=\"2020-09-07T14:42:54+00:00\" \/>\n<meta name=\"twitter:card\" content=\"summary_large_image\" \/>\n<meta name=\"twitter:label1\" content=\"Est. reading time\" \/>\n\t<meta name=\"twitter:data1\" content=\"18 minutes\" \/>\n<script type=\"application\/ld+json\" class=\"yoast-schema-graph\">{\"@context\":\"https:\/\/schema.org\",\"@graph\":[{\"@type\":\"WebPage\",\"@id\":\"https:\/\/tiemposl.com\/es\/politica-de-cookies\/\",\"url\":\"https:\/\/tiemposl.com\/es\/politica-de-cookies\/\",\"name\":\"Politique de cookies &mdash; Tiempo Servicio y Gesti\u00f3n\",\"isPartOf\":{\"@id\":\"https:\/\/tiemposl.com\/es\/#website\"},\"datePublished\":\"2020-03-20T12:27:13+00:00\",\"dateModified\":\"2020-09-07T14:42:54+00:00\",\"breadcrumb\":{\"@id\":\"https:\/\/tiemposl.com\/es\/politica-de-cookies\/#breadcrumb\"},\"inLanguage\":\"fr-FR\",\"potentialAction\":[{\"@type\":\"ReadAction\",\"target\":[\"https:\/\/tiemposl.com\/es\/politica-de-cookies\/\"]}]},{\"@type\":\"BreadcrumbList\",\"@id\":\"https:\/\/tiemposl.com\/es\/politica-de-cookies\/#breadcrumb\",\"itemListElement\":[{\"@type\":\"ListItem\",\"position\":1,\"name\":\"Portada\",\"item\":\"https:\/\/tiemposl.com\/es\/\"},{\"@type\":\"ListItem\",\"position\":2,\"name\":\"Pol\u00edtica de cookies\"}]},{\"@type\":\"WebSite\",\"@id\":\"https:\/\/tiemposl.com\/es\/#website\",\"url\":\"https:\/\/tiemposl.com\/es\/\",\"name\":\"Tiempo Servicio y Gesti\u00f3n\",\"description\":\"\",\"publisher\":{\"@id\":\"https:\/\/tiemposl.com\/es\/#organization\"},\"potentialAction\":[{\"@type\":\"SearchAction\",\"target\":{\"@type\":\"EntryPoint\",\"urlTemplate\":\"https:\/\/tiemposl.com\/es\/?s={search_term_string}\"},\"query-input\":\"required name=search_term_string\"}],\"inLanguage\":\"fr-FR\"},{\"@type\":\"Organization\",\"@id\":\"https:\/\/tiemposl.com\/es\/#organization\",\"name\":\"Tiempo SL\",\"url\":\"https:\/\/tiemposl.com\/es\/\",\"sameAs\":[],\"logo\":{\"@type\":\"ImageObject\",\"inLanguage\":\"fr-FR\",\"@id\":\"https:\/\/tiemposl.com\/es\/#\/schema\/logo\/image\/\",\"url\":\"https:\/\/tiemposl.com\/wp-content\/uploads\/2020\/03\/logo-main.png\",\"contentUrl\":\"https:\/\/tiemposl.com\/wp-content\/uploads\/2020\/03\/logo-main.png\",\"width\":237,\"height\":70,\"caption\":\"Tiempo SL\"},\"image\":{\"@id\":\"https:\/\/tiemposl.com\/es\/#\/schema\/logo\/image\/\"}}]}<\/script>\n<!-- \/ Yoast SEO plugin. -->","yoast_head_json":{"title":"Politique de cookies &mdash; Tiempo Servicio y Gesti\u00f3n","robots":{"index":"noindex","follow":"nofollow"},"og_locale":"fr_FR","og_type":"article","og_title":"Politique de cookies &mdash; Tiempo Servicio y Gesti\u00f3n","og_description":"Pol\u00edtica de Cookies de Tiempo Servicio y Gesti\u00f3n S.L. \u00bfQui\u00e9n es el responsable de la [&hellip;]","og_url":"https:\/\/tiemposl.com\/es\/politica-de-cookies\/","og_site_name":"Tiempo Servicio y Gesti\u00f3n","article_modified_time":"2020-09-07T14:42:54+00:00","twitter_card":"summary_large_image","twitter_misc":{"Est. reading time":"18 minutes"},"schema":{"@context":"https:\/\/schema.org","@graph":[{"@type":"WebPage","@id":"https:\/\/tiemposl.com\/es\/politica-de-cookies\/","url":"https:\/\/tiemposl.com\/es\/politica-de-cookies\/","name":"Politique de cookies &mdash; Tiempo Servicio y Gesti\u00f3n","isPartOf":{"@id":"https:\/\/tiemposl.com\/es\/#website"},"datePublished":"2020-03-20T12:27:13+00:00","dateModified":"2020-09-07T14:42:54+00:00","breadcrumb":{"@id":"https:\/\/tiemposl.com\/es\/politica-de-cookies\/#breadcrumb"},"inLanguage":"fr-FR","potentialAction":[{"@type":"ReadAction","target":["https:\/\/tiemposl.com\/es\/politica-de-cookies\/"]}]},{"@type":"BreadcrumbList","@id":"https:\/\/tiemposl.com\/es\/politica-de-cookies\/#breadcrumb","itemListElement":[{"@type":"ListItem","position":1,"name":"Portada","item":"https:\/\/tiemposl.com\/es\/"},{"@type":"ListItem","position":2,"name":"Pol\u00edtica de cookies"}]},{"@type":"WebSite","@id":"https:\/\/tiemposl.com\/es\/#website","url":"https:\/\/tiemposl.com\/es\/","name":"Tiempo Servicio y Gesti\u00f3n","description":"","publisher":{"@id":"https:\/\/tiemposl.com\/es\/#organization"},"potentialAction":[{"@type":"SearchAction","target":{"@type":"EntryPoint","urlTemplate":"https:\/\/tiemposl.com\/es\/?s={search_term_string}"},"query-input":"required name=search_term_string"}],"inLanguage":"fr-FR"},{"@type":"Organization","@id":"https:\/\/tiemposl.com\/es\/#organization","name":"Tiempo SL","url":"https:\/\/tiemposl.com\/es\/","sameAs":[],"logo":{"@type":"ImageObject","inLanguage":"fr-FR","@id":"https:\/\/tiemposl.com\/es\/#\/schema\/logo\/image\/","url":"https:\/\/tiemposl.com\/wp-content\/uploads\/2020\/03\/logo-main.png","contentUrl":"https:\/\/tiemposl.com\/wp-content\/uploads\/2020\/03\/logo-main.png","width":237,"height":70,"caption":"Tiempo SL"},"image":{"@id":"https:\/\/tiemposl.com\/es\/#\/schema\/logo\/image\/"}}]}},"_links":{"self":[{"href":"https:\/\/tiemposl.com\/fr\/wp-json\/wp\/v2\/pages\/7461"}],"collection":[{"href":"https:\/\/tiemposl.com\/fr\/wp-json\/wp\/v2\/pages"}],"about":[{"href":"https:\/\/tiemposl.com\/fr\/wp-json\/wp\/v2\/types\/page"}],"author":[{"embeddable":true,"href":"https:\/\/tiemposl.com\/fr\/wp-json\/wp\/v2\/users\/1"}],"replies":[{"embeddable":true,"href":"https:\/\/tiemposl.com\/fr\/wp-json\/wp\/v2\/comments?post=7461"}],"version-history":[{"count":3,"href":"https:\/\/tiemposl.com\/fr\/wp-json\/wp\/v2\/pages\/7461\/revisions"}],"predecessor-version":[{"id":7777,"href":"https:\/\/tiemposl.com\/fr\/wp-json\/wp\/v2\/pages\/7461\/revisions\/7777"}],"wp:attachment":[{"href":"https:\/\/tiemposl.com\/fr\/wp-json\/wp\/v2\/media?parent=7461"}],"curies":[{"name":"wp","href":"https:\/\/api.w.org\/{rel}","templated":true}]}}