{"id":7556,"date":"2020-05-14T06:15:01","date_gmt":"2020-05-14T06:15:01","guid":{"rendered":"http:\/\/tiemposl.com\/?page_id=7556"},"modified":"2020-08-04T11:20:51","modified_gmt":"2020-08-04T11:20:51","slug":"gestion-administrativa","status":"publish","type":"page","link":"https:\/\/tiemposl.com\/fr\/servicios\/gestion-administrativa\/","title":{"rendered":"Gesti\u00f3n administrativa"},"content":{"rendered":"<p>[vc_row css=&#8221;.vc_custom_1589435991082{padding-top: 50px !important;padding-bottom: 50px !important;}&#8221;][vc_column][vc_row_inner][vc_column_inner width=&#8221;1\/2&#8243;][vc_column_text]Chaque jour, des centaines de personnes entament une multitude de proc\u00e9dures et de demandes aupr\u00e8s des diff\u00e9rentes administrations (locales, insulaires, r\u00e9gionales et nationales). Notre cabinet peut prendre en charge toutes sortes de proc\u00e9dures et de demandes en votre nom, vous \u00e9vitant ainsi les d\u00e9sagr\u00e9ments qui pourraient en d\u00e9couler.[\/vc_column_text][\/vc_column_inner][vc_column_inner width=&#8221;1\/2&#8243;][vc_column_text]Ce domaine est transversal au reste des domaines d&#8217;action dans lesquels nous proposons nos services. C&#8217;est pour cette raison que nous vous pr\u00e9sentons ci-dessous un bref aper\u00e7u des services que nous dispensons \u00e0 nos clients.[\/vc_column_text][\/vc_column_inner][\/vc_row_inner][\/vc_column][\/vc_row][vc_row css=&#8221;.vc_custom_1589435979872{padding-top: 50px !important;padding-bottom: 50px !important;}&#8221;][vc_column][vc_row_inner][vc_column_inner width=&#8221;1\/6&#8243;][\/vc_column_inner][vc_column_inner width=&#8221;2\/3&#8243;][vc_column_text]<\/p>\n<h3 style=\"text-align: center;\">Services que nous proposons:<\/h3>\n<p>[\/vc_column_text][\/vc_column_inner][vc_column_inner width=&#8221;1\/6&#8243;][\/vc_column_inner][\/vc_row_inner][vc_row_inner css=&#8221;.vc_custom_1589436076519{padding-top: 100px !important;}&#8221;][vc_column_inner width=&#8221;1\/2&#8243;][vc_column_text]<\/p>\n<ul>\n<li>Obtention d&#8217;un num\u00e9ro d&#8217;identification d&#8217;\u00e9tranger (NIE)<\/li>\n<li>Enregistrement des activit\u00e9s et des registres administratifs, changements de propri\u00e9t\u00e9.<\/li>\n<li>Recherche de dossiers et de permis d&#8217;urbanisme, demande de certificats d&#8217;urbanisme.<\/li>\n<\/ul>\n<p>[\/vc_column_text][\/vc_column_inner][vc_column_inner width=&#8221;1\/2&#8243;][vc_column_text]<\/p>\n<ul>\n<li>Demande de licences d&#8217;h\u00e9bergement touristique, de certificats d&#8217;occupation<\/li>\n<li>Demande de concessions du domaine public<\/li>\n<li>Proc\u00e9dures relatives au domaine public maritime et terrestre<\/li>\n<li>Pr\u00e9paration des pi\u00e8ces de proc\u00e9dure administrative<\/li>\n<\/ul>\n<p>[\/vc_column_text][\/vc_column_inner][\/vc_row_inner][\/vc_column][\/vc_row]<\/p>","protected":false},"excerpt":{"rendered":"<p>[vc_row css=&#8221;.vc_custom_1589435991082{padding-top: 50px !important;padding-bottom: 50px !important;}&#8221;][vc_column][vc_row_inner][vc_column_inner width=&#8221;1\/2&#8243;][vc_column_text]Chaque jour, des centaines de personnes entament une multitude [&hellip;]<\/p>\n","protected":false},"author":1,"featured_media":7629,"parent":5718,"menu_order":0,"comment_status":"closed","ping_status":"closed","template":"","meta":[],"yoast_head":"<!-- This site is optimized with the Yoast SEO plugin v19.7.1 - https:\/\/yoast.com\/wordpress\/plugins\/seo\/ -->\n<title>Gesti\u00f3n administrativa &mdash; Tiempo Servicio y Gesti\u00f3n<\/title>\n<meta name=\"description\" content=\"Desde nuestro despacho realizamos todo tipo de tr\u00e1mites y solicitudes en su nombre, evit\u00e1ndole las molestias que esto pudiera ocasionarle.\" \/>\n<meta name=\"robots\" content=\"index, follow, max-snippet:-1, max-image-preview:large, max-video-preview:-1\" \/>\n<link rel=\"canonical\" href=\"https:\/\/tiemposl.com\/es\/servicios\/gestion-administrativa\/\" \/>\n<meta property=\"og:locale\" content=\"fr_FR\" \/>\n<meta property=\"og:type\" content=\"article\" \/>\n<meta property=\"og:title\" content=\"Gesti\u00f3n administrativa &mdash; Tiempo Servicio y Gesti\u00f3n\" \/>\n<meta property=\"og:description\" content=\"Desde nuestro despacho realizamos todo tipo de tr\u00e1mites y solicitudes en su nombre, evit\u00e1ndole las molestias que esto pudiera ocasionarle.\" \/>\n<meta property=\"og:url\" content=\"https:\/\/tiemposl.com\/es\/servicios\/gestion-administrativa\/\" \/>\n<meta property=\"og:site_name\" content=\"Tiempo Servicio y Gesti\u00f3n\" \/>\n<meta property=\"article:modified_time\" content=\"2020-08-04T11:20:51+00:00\" \/>\n<meta property=\"og:image\" content=\"https:\/\/tiemposl.com\/wp-content\/uploads\/2020\/05\/asesoria-gestion-administrativa.jpg\" \/>\n\t<meta property=\"og:image:width\" content=\"1920\" \/>\n\t<meta property=\"og:image:height\" content=\"500\" \/>\n\t<meta property=\"og:image:type\" content=\"image\/jpeg\" \/>\n<meta name=\"twitter:card\" content=\"summary_large_image\" \/>\n<meta name=\"twitter:label1\" content=\"Est. reading time\" \/>\n\t<meta name=\"twitter:data1\" content=\"6 minutes\" \/>\n<script type=\"application\/ld+json\" class=\"yoast-schema-graph\">{\"@context\":\"https:\/\/schema.org\",\"@graph\":[{\"@type\":\"WebPage\",\"@id\":\"https:\/\/tiemposl.com\/es\/servicios\/gestion-administrativa\/\",\"url\":\"https:\/\/tiemposl.com\/es\/servicios\/gestion-administrativa\/\",\"name\":\"Gesti\u00f3n administrativa &mdash; Tiempo Servicio y Gesti\u00f3n\",\"isPartOf\":{\"@id\":\"https:\/\/tiemposl.com\/es\/#website\"},\"datePublished\":\"2020-05-14T06:15:01+00:00\",\"dateModified\":\"2020-08-04T11:20:51+00:00\",\"description\":\"Desde nuestro despacho realizamos todo tipo de tr\u00e1mites y solicitudes en su nombre, evit\u00e1ndole las molestias que esto pudiera ocasionarle.\",\"breadcrumb\":{\"@id\":\"https:\/\/tiemposl.com\/es\/servicios\/gestion-administrativa\/#breadcrumb\"},\"inLanguage\":\"fr-FR\",\"potentialAction\":[{\"@type\":\"ReadAction\",\"target\":[\"https:\/\/tiemposl.com\/es\/servicios\/gestion-administrativa\/\"]}]},{\"@type\":\"BreadcrumbList\",\"@id\":\"https:\/\/tiemposl.com\/es\/servicios\/gestion-administrativa\/#breadcrumb\",\"itemListElement\":[{\"@type\":\"ListItem\",\"position\":1,\"name\":\"Portada\",\"item\":\"https:\/\/tiemposl.com\/es\/\"},{\"@type\":\"ListItem\",\"position\":2,\"name\":\"Servicios\",\"item\":\"https:\/\/tiemposl.com\/es\/servicios\/\"},{\"@type\":\"ListItem\",\"position\":3,\"name\":\"Gesti\u00f3n administrativa\"}]},{\"@type\":\"WebSite\",\"@id\":\"https:\/\/tiemposl.com\/es\/#website\",\"url\":\"https:\/\/tiemposl.com\/es\/\",\"name\":\"Tiempo Servicio y Gesti\u00f3n\",\"description\":\"\",\"publisher\":{\"@id\":\"https:\/\/tiemposl.com\/es\/#organization\"},\"potentialAction\":[{\"@type\":\"SearchAction\",\"target\":{\"@type\":\"EntryPoint\",\"urlTemplate\":\"https:\/\/tiemposl.com\/es\/?s={search_term_string}\"},\"query-input\":\"required name=search_term_string\"}],\"inLanguage\":\"fr-FR\"},{\"@type\":\"Organization\",\"@id\":\"https:\/\/tiemposl.com\/es\/#organization\",\"name\":\"Tiempo SL\",\"url\":\"https:\/\/tiemposl.com\/es\/\",\"sameAs\":[],\"logo\":{\"@type\":\"ImageObject\",\"inLanguage\":\"fr-FR\",\"@id\":\"https:\/\/tiemposl.com\/es\/#\/schema\/logo\/image\/\",\"url\":\"https:\/\/tiemposl.com\/wp-content\/uploads\/2020\/03\/logo-main.png\",\"contentUrl\":\"https:\/\/tiemposl.com\/wp-content\/uploads\/2020\/03\/logo-main.png\",\"width\":237,\"height\":70,\"caption\":\"Tiempo SL\"},\"image\":{\"@id\":\"https:\/\/tiemposl.com\/es\/#\/schema\/logo\/image\/\"}}]}<\/script>\n<!-- \/ Yoast SEO plugin. -->","yoast_head_json":{"title":"Gesti\u00f3n administrativa &mdash; Tiempo Servicio y Gesti\u00f3n","description":"Desde nuestro despacho realizamos todo tipo de tr\u00e1mites y solicitudes en su nombre, evit\u00e1ndole las molestias que esto pudiera ocasionarle.","robots":{"index":"index","follow":"follow","max-snippet":"max-snippet:-1","max-image-preview":"max-image-preview:large","max-video-preview":"max-video-preview:-1"},"canonical":"https:\/\/tiemposl.com\/es\/servicios\/gestion-administrativa\/","og_locale":"fr_FR","og_type":"article","og_title":"Gesti\u00f3n administrativa &mdash; Tiempo Servicio y Gesti\u00f3n","og_description":"Desde nuestro despacho realizamos todo tipo de tr\u00e1mites y solicitudes en su nombre, evit\u00e1ndole las molestias que esto pudiera ocasionarle.","og_url":"https:\/\/tiemposl.com\/es\/servicios\/gestion-administrativa\/","og_site_name":"Tiempo Servicio y Gesti\u00f3n","article_modified_time":"2020-08-04T11:20:51+00:00","og_image":[{"width":1920,"height":500,"url":"https:\/\/tiemposl.com\/wp-content\/uploads\/2020\/05\/asesoria-gestion-administrativa.jpg","type":"image\/jpeg"}],"twitter_card":"summary_large_image","twitter_misc":{"Est. reading time":"6 minutes"},"schema":{"@context":"https:\/\/schema.org","@graph":[{"@type":"WebPage","@id":"https:\/\/tiemposl.com\/es\/servicios\/gestion-administrativa\/","url":"https:\/\/tiemposl.com\/es\/servicios\/gestion-administrativa\/","name":"Gesti\u00f3n administrativa &mdash; Tiempo Servicio y Gesti\u00f3n","isPartOf":{"@id":"https:\/\/tiemposl.com\/es\/#website"},"datePublished":"2020-05-14T06:15:01+00:00","dateModified":"2020-08-04T11:20:51+00:00","description":"Desde nuestro despacho realizamos todo tipo de tr\u00e1mites y solicitudes en su nombre, evit\u00e1ndole las molestias que esto pudiera ocasionarle.","breadcrumb":{"@id":"https:\/\/tiemposl.com\/es\/servicios\/gestion-administrativa\/#breadcrumb"},"inLanguage":"fr-FR","potentialAction":[{"@type":"ReadAction","target":["https:\/\/tiemposl.com\/es\/servicios\/gestion-administrativa\/"]}]},{"@type":"BreadcrumbList","@id":"https:\/\/tiemposl.com\/es\/servicios\/gestion-administrativa\/#breadcrumb","itemListElement":[{"@type":"ListItem","position":1,"name":"Portada","item":"https:\/\/tiemposl.com\/es\/"},{"@type":"ListItem","position":2,"name":"Servicios","item":"https:\/\/tiemposl.com\/es\/servicios\/"},{"@type":"ListItem","position":3,"name":"Gesti\u00f3n administrativa"}]},{"@type":"WebSite","@id":"https:\/\/tiemposl.com\/es\/#website","url":"https:\/\/tiemposl.com\/es\/","name":"Tiempo Servicio y Gesti\u00f3n","description":"","publisher":{"@id":"https:\/\/tiemposl.com\/es\/#organization"},"potentialAction":[{"@type":"SearchAction","target":{"@type":"EntryPoint","urlTemplate":"https:\/\/tiemposl.com\/es\/?s={search_term_string}"},"query-input":"required name=search_term_string"}],"inLanguage":"fr-FR"},{"@type":"Organization","@id":"https:\/\/tiemposl.com\/es\/#organization","name":"Tiempo SL","url":"https:\/\/tiemposl.com\/es\/","sameAs":[],"logo":{"@type":"ImageObject","inLanguage":"fr-FR","@id":"https:\/\/tiemposl.com\/es\/#\/schema\/logo\/image\/","url":"https:\/\/tiemposl.com\/wp-content\/uploads\/2020\/03\/logo-main.png","contentUrl":"https:\/\/tiemposl.com\/wp-content\/uploads\/2020\/03\/logo-main.png","width":237,"height":70,"caption":"Tiempo SL"},"image":{"@id":"https:\/\/tiemposl.com\/es\/#\/schema\/logo\/image\/"}}]}},"_links":{"self":[{"href":"https:\/\/tiemposl.com\/fr\/wp-json\/wp\/v2\/pages\/7556"}],"collection":[{"href":"https:\/\/tiemposl.com\/fr\/wp-json\/wp\/v2\/pages"}],"about":[{"href":"https:\/\/tiemposl.com\/fr\/wp-json\/wp\/v2\/types\/page"}],"author":[{"embeddable":true,"href":"https:\/\/tiemposl.com\/fr\/wp-json\/wp\/v2\/users\/1"}],"replies":[{"embeddable":true,"href":"https:\/\/tiemposl.com\/fr\/wp-json\/wp\/v2\/comments?post=7556"}],"version-history":[{"count":6,"href":"https:\/\/tiemposl.com\/fr\/wp-json\/wp\/v2\/pages\/7556\/revisions"}],"predecessor-version":[{"id":7744,"href":"https:\/\/tiemposl.com\/fr\/wp-json\/wp\/v2\/pages\/7556\/revisions\/7744"}],"up":[{"embeddable":true,"href":"https:\/\/tiemposl.com\/fr\/wp-json\/wp\/v2\/pages\/5718"}],"wp:featuredmedia":[{"embeddable":true,"href":"https:\/\/tiemposl.com\/fr\/wp-json\/wp\/v2\/media\/7629"}],"wp:attachment":[{"href":"https:\/\/tiemposl.com\/fr\/wp-json\/wp\/v2\/media?parent=7556"}],"curies":[{"name":"wp","href":"https:\/\/api.w.org\/{rel}","templated":true}]}}